{"id":973,"date":"2022-11-22T00:03:27","date_gmt":"2022-11-21T22:03:27","guid":{"rendered":"https:\/\/adegas.ro\/?page_id=973"},"modified":"2022-11-22T00:24:40","modified_gmt":"2022-11-21T22:24:40","slug":"pentru-mobilitatea-ta","status":"publish","type":"page","link":"https:\/\/adegas.ro\/en\/pentru-mobilitatea-ta\/","title":{"rendered":"For your mobility"},"content":{"rendered":"<div data-elementor-type=\"wp-page\" data-elementor-id=\"973\" class=\"elementor elementor-973\" data-elementor-post-type=\"page\">\n\t\t\t\t\t\t<section data-particle_enable=\"false\" data-particle-mobile-disabled=\"false\" class=\"elementor-section elementor-top-section elementor-element elementor-element-152ef729 elementor-section-boxed elementor-section-height-default elementor-section-height-default\" data-id=\"152ef729\" data-element_type=\"section\" data-settings=\"{&quot;background_background&quot;:&quot;classic&quot;}\">\n\t\t\t\t\t\t\t<div class=\"elementor-background-overlay\"><\/div>\n\t\t\t\t\t\t\t<div class=\"elementor-container elementor-column-gap-default\">\n\t\t\t\t\t<div class=\"elementor-column elementor-col-100 elementor-top-column elementor-element elementor-element-6da0dc7f\" data-id=\"6da0dc7f\" data-element_type=\"column\">\n\t\t\t<div class=\"elementor-widget-wrap elementor-element-populated\">\n\t\t\t\t\t\t<div class=\"elementor-element elementor-element-43482081 elementor-widget elementor-widget-heading\" data-id=\"43482081\" data-element_type=\"widget\" data-widget_type=\"heading.default\">\n\t\t\t\t<div class=\"elementor-widget-container\">\n\t\t\t\t\t<h2 class=\"elementor-heading-title elementor-size-default\">For your mobility<\/h2>\t\t\t\t<\/div>\n\t\t\t\t<\/div>\n\t\t\t\t\t<\/div>\n\t\t<\/div>\n\t\t\t\t\t<\/div>\n\t\t<\/section>\n\t\t\t\t<section data-particle_enable=\"false\" data-particle-mobile-disabled=\"false\" class=\"elementor-section elementor-top-section elementor-element elementor-element-59d4d4ab elementor-section-boxed elementor-section-height-default elementor-section-height-default\" data-id=\"59d4d4ab\" data-element_type=\"section\">\n\t\t\t\t\t\t<div class=\"elementor-container elementor-column-gap-default\">\n\t\t\t\t\t<div class=\"elementor-column elementor-col-100 elementor-top-column elementor-element elementor-element-1ddb0b98\" data-id=\"1ddb0b98\" data-element_type=\"column\">\n\t\t\t<div class=\"elementor-widget-wrap elementor-element-populated\">\n\t\t\t\t\t\t<div class=\"elementor-element elementor-element-45ac0c39 elementor-widget elementor-widget-elementskit-heading\" data-id=\"45ac0c39\" data-element_type=\"widget\" data-widget_type=\"elementskit-heading.default\">\n\t\t\t\t<div class=\"elementor-widget-container\">\n\t\t\t\t\t<div class=\"ekit-wid-con\" ><div class=\"ekit-heading elementskit-section-title-wraper text_left   ekit_heading_tablet-   ekit_heading_mobile-\"><div class=\"ekit_heading_separetor_wraper ekit_heading_elementskit-border-divider elementskit-style-long\"><div class=\"elementskit-border-divider elementskit-style-long\"><\/div><\/div><h2 class=\"ekit-heading--title elementskit-section-title\">We have been supplying energy for over 12 years<\/h2><\/div><\/div>\t\t\t\t<\/div>\n\t\t\t\t<\/div>\n\t\t\t\t<div class=\"elementor-element elementor-element-27c8ec49 elementor-widget elementor-widget-heading\" data-id=\"27c8ec49\" data-element_type=\"widget\" data-widget_type=\"heading.default\">\n\t\t\t\t<div class=\"elementor-widget-container\">\n\t\t\t\t\t<h3 class=\"elementor-heading-title elementor-size-default\">Reasons to choose LPG from ADE Gas<\/h3>\t\t\t\t<\/div>\n\t\t\t\t<\/div>\n\t\t\t\t<section data-particle_enable=\"false\" data-particle-mobile-disabled=\"false\" class=\"elementor-section elementor-inner-section elementor-element elementor-element-29fe0a48 elementor-section-boxed elementor-section-height-default elementor-section-height-default\" data-id=\"29fe0a48\" data-element_type=\"section\">\n\t\t\t\t\t\t<div class=\"elementor-container elementor-column-gap-default\">\n\t\t\t\t\t<div class=\"elementor-column elementor-col-100 elementor-inner-column elementor-element elementor-element-c987c66\" data-id=\"c987c66\" data-element_type=\"column\">\n\t\t\t<div class=\"elementor-widget-wrap elementor-element-populated\">\n\t\t\t\t\t\t<div class=\"elementor-element elementor-element-5f02b782 elementor-widget elementor-widget-text-editor\" data-id=\"5f02b782\" data-element_type=\"widget\" data-widget_type=\"text-editor.default\">\n\t\t\t\t<div class=\"elementor-widget-container\">\n\t\t\t\t\t\t\t\t\t<p>15 million cars run on LPG in the European Union. Worldwide there are 27 million and it has to be said, a dual fuel system has a lot of benefits. Let's start with the most obvious: you can fill up for half the price! The major advantage of LPG is the price at the pump. In general 1L of LPG costs up to 50% less than a litre of petrol or diesel. Because it produces less energy than the same volume of petrol or diesel (about 20% less than petrol, for example), fuel costs are 30% less than a petrol engine and 8% less than a diesel engine. On average, LPG is available at 1 in 4 petrol stations in Europe.<\/p>\t\t\t\t\t\t\t\t<\/div>\n\t\t\t\t<\/div>\n\t\t\t\t\t<\/div>\n\t\t<\/div>\n\t\t\t\t\t<\/div>\n\t\t<\/section>\n\t\t\t\t<section data-particle_enable=\"false\" data-particle-mobile-disabled=\"false\" class=\"elementor-section elementor-inner-section elementor-element elementor-element-32d1626 elementor-section-boxed elementor-section-height-default elementor-section-height-default\" data-id=\"32d1626\" data-element_type=\"section\">\n\t\t\t\t\t\t<div class=\"elementor-container elementor-column-gap-default\">\n\t\t\t\t\t<div class=\"elementor-column elementor-col-50 elementor-inner-column elementor-element elementor-element-1e81d44\" data-id=\"1e81d44\" data-element_type=\"column\">\n\t\t\t<div class=\"elementor-widget-wrap elementor-element-populated\">\n\t\t\t\t\t\t<div class=\"elementor-element elementor-element-7732859 elementor-widget elementor-widget-heading\" data-id=\"7732859\" data-element_type=\"widget\" data-widget_type=\"heading.default\">\n\t\t\t\t<div class=\"elementor-widget-container\">\n\t\t\t\t\t<h2 class=\"elementor-heading-title elementor-size-default\">Benchmark<\/h2>\t\t\t\t<\/div>\n\t\t\t\t<\/div>\n\t\t\t\t<div class=\"elementor-element elementor-element-8837025 elementor-widget elementor-widget-text-editor\" data-id=\"8837025\" data-element_type=\"widget\" data-widget_type=\"text-editor.default\">\n\t\t\t\t<div class=\"elementor-widget-container\">\n\t\t\t\t\t\t\t\t\t<p class=\"p1\">- Wholesale and retail LPG dealer in Romania<\/p><p class=\"p1\">- Fast-growing trading volumes and retail network<\/p><p class=\"p1\">- 77,000 tonnes traded in 2017<\/p><p class=\"p1\">- 432 distribution locations served - 25% of the country total<\/p><p class=\"p1\">- Strong retail presence in Southern Romania<\/p><p class=\"p1\">- Strong trading platform in Romania with growth potential in the Balkans<\/p><p class=\"p1\">- Further expansion opportunities in Romania<\/p>\t\t\t\t\t\t\t\t<\/div>\n\t\t\t\t<\/div>\n\t\t\t\t\t<\/div>\n\t\t<\/div>\n\t\t\t\t<div class=\"elementor-column elementor-col-50 elementor-inner-column elementor-element elementor-element-1536a1d\" data-id=\"1536a1d\" data-element_type=\"column\">\n\t\t\t<div class=\"elementor-widget-wrap elementor-element-populated\">\n\t\t\t\t\t\t<div class=\"elementor-element elementor-element-ed6b46b elementor-widget elementor-widget-text-editor\" data-id=\"ed6b46b\" data-element_type=\"widget\" data-widget_type=\"text-editor.default\">\n\t\t\t\t<div class=\"elementor-widget-container\">\n\t\t\t\t\t\t\t\t\t<p class=\"p1 translation-block\">The GPL-Auto depot is spread over an area of <b>12,000 m<sup>2<\/sup><\/b>, equipped with <b>6 tanks<\/b> with a total capacity of <b>990 m<sup>3<\/sup><\/b>, served by its own industrial railway.<\/p>\t\t\t\t\t\t\t\t<\/div>\n\t\t\t\t<\/div>\n\t\t\t\t\t<\/div>\n\t\t<\/div>\n\t\t\t\t\t<\/div>\n\t\t<\/section>\n\t\t\t\t\t<\/div>\n\t\t<\/div>\n\t\t\t\t\t<\/div>\n\t\t<\/section>\n\t\t\t\t<section data-particle_enable=\"false\" data-particle-mobile-disabled=\"false\" class=\"elementor-section elementor-top-section elementor-element elementor-element-459a279 elementor-section-boxed elementor-section-height-default elementor-section-height-default\" data-id=\"459a279\" data-element_type=\"section\">\n\t\t\t\t\t\t<div class=\"elementor-container elementor-column-gap-default\">\n\t\t\t\t\t<div class=\"elementor-column elementor-col-100 elementor-top-column elementor-element elementor-element-e6b2175\" data-id=\"e6b2175\" data-element_type=\"column\">\n\t\t\t<div class=\"elementor-widget-wrap elementor-element-populated\">\n\t\t\t\t\t\t<div class=\"elementor-element elementor-element-7b9b946 elementor-widget elementor-widget-gallery\" data-id=\"7b9b946\" data-element_type=\"widget\" data-settings=\"{&quot;columns&quot;:3,&quot;lazyload&quot;:&quot;yes&quot;,&quot;gallery_layout&quot;:&quot;grid&quot;,&quot;columns_tablet&quot;:2,&quot;columns_mobile&quot;:1,&quot;gap&quot;:{&quot;unit&quot;:&quot;px&quot;,&quot;size&quot;:10,&quot;sizes&quot;:[]},&quot;gap_tablet&quot;:{&quot;unit&quot;:&quot;px&quot;,&quot;size&quot;:10,&quot;sizes&quot;:[]},&quot;gap_mobile&quot;:{&quot;unit&quot;:&quot;px&quot;,&quot;size&quot;:10,&quot;sizes&quot;:[]},&quot;link_to&quot;:&quot;file&quot;,&quot;aspect_ratio&quot;:&quot;3:2&quot;,&quot;overlay_background&quot;:&quot;yes&quot;,&quot;content_hover_animation&quot;:&quot;fade-in&quot;}\" data-widget_type=\"gallery.default\">\n\t\t\t\t<div class=\"elementor-widget-container\">\n\t\t\t\t\t\t\t<div class=\"elementor-gallery__container\">\n\t\t\t\t\t\t\t<a class=\"e-gallery-item elementor-gallery-item elementor-animated-content\" href=\"https:\/\/adegas.ro\/wp-content\/uploads\/2022\/11\/depozit-gpl-adegas-02.jpg\" data-elementor-open-lightbox=\"yes\" data-elementor-lightbox-slideshow=\"7b9b946\" data-elementor-lightbox-title=\"depozit gpl adegas 02\" data-e-action-hash=\"#elementor-action%3Aaction%3Dlightbox%26settings%3DeyJpZCI6OTgyLCJ1cmwiOiJodHRwczpcL1wvYWRlZ2FzLnJvXC93cC1jb250ZW50XC91cGxvYWRzXC8yMDIyXC8xMVwvZGVwb3ppdC1ncGwtYWRlZ2FzLTAyLmpwZyIsInNsaWRlc2hvdyI6IjdiOWI5NDYifQ%3D%3D\">\n\t\t\t\t\t<div class=\"e-gallery-image elementor-gallery-item__image\" data-thumbnail=\"https:\/\/adegas.ro\/wp-content\/uploads\/2022\/11\/depozit-gpl-adegas-02-300x201.jpg\" data-width=\"300\" data-height=\"201\" aria-label=\"ADE Gas GPL Depozit\" role=\"img\" ><\/div>\n\t\t\t\t\t\t\t\t\t\t\t<div class=\"elementor-gallery-item__overlay\"><\/div>\n\t\t\t\t\t\t\t\t\t\t\t\t\t\t<\/a>\n\t\t\t\t\t\t\t<a class=\"e-gallery-item elementor-gallery-item elementor-animated-content\" href=\"https:\/\/adegas.ro\/wp-content\/uploads\/2022\/11\/depozit-gpl-adegas-04.jpg\" data-elementor-open-lightbox=\"yes\" data-elementor-lightbox-slideshow=\"7b9b946\" data-elementor-lightbox-title=\"depozit gpl adegas 04\" data-e-action-hash=\"#elementor-action%3Aaction%3Dlightbox%26settings%3DeyJpZCI6OTgxLCJ1cmwiOiJodHRwczpcL1wvYWRlZ2FzLnJvXC93cC1jb250ZW50XC91cGxvYWRzXC8yMDIyXC8xMVwvZGVwb3ppdC1ncGwtYWRlZ2FzLTA0LmpwZyIsInNsaWRlc2hvdyI6IjdiOWI5NDYifQ%3D%3D\">\n\t\t\t\t\t<div class=\"e-gallery-image elementor-gallery-item__image\" data-thumbnail=\"https:\/\/adegas.ro\/wp-content\/uploads\/2022\/11\/depozit-gpl-adegas-04-300x200.jpg\" data-width=\"300\" data-height=\"200\" aria-label=\"ADE Gas GPL Depozit\" role=\"img\" ><\/div>\n\t\t\t\t\t\t\t\t\t\t\t<div class=\"elementor-gallery-item__overlay\"><\/div>\n\t\t\t\t\t\t\t\t\t\t\t\t\t\t<\/a>\n\t\t\t\t\t\t\t<a class=\"e-gallery-item elementor-gallery-item elementor-animated-content\" href=\"https:\/\/adegas.ro\/wp-content\/uploads\/2022\/11\/depozit-gpl-adegas-03.jpg\" data-elementor-open-lightbox=\"yes\" data-elementor-lightbox-slideshow=\"7b9b946\" data-elementor-lightbox-title=\"depozit gpl adegas 03\" data-e-action-hash=\"#elementor-action%3Aaction%3Dlightbox%26settings%3DeyJpZCI6OTgwLCJ1cmwiOiJodHRwczpcL1wvYWRlZ2FzLnJvXC93cC1jb250ZW50XC91cGxvYWRzXC8yMDIyXC8xMVwvZGVwb3ppdC1ncGwtYWRlZ2FzLTAzLmpwZyIsInNsaWRlc2hvdyI6IjdiOWI5NDYifQ%3D%3D\">\n\t\t\t\t\t<div class=\"e-gallery-image elementor-gallery-item__image\" data-thumbnail=\"https:\/\/adegas.ro\/wp-content\/uploads\/2022\/11\/depozit-gpl-adegas-03-300x161.jpg\" data-width=\"300\" data-height=\"161\" aria-label=\"Cisterna ADE Gas GPL\" role=\"img\" ><\/div>\n\t\t\t\t\t\t\t\t\t\t\t<div class=\"elementor-gallery-item__overlay\"><\/div>\n\t\t\t\t\t\t\t\t\t\t\t\t\t\t<\/a>\n\t\t\t\t\t<\/div>\n\t\t\t\t\t<\/div>\n\t\t\t\t<\/div>\n\t\t\t\t\t<\/div>\n\t\t<\/div>\n\t\t\t\t\t<\/div>\n\t\t<\/section>\n\t\t\t\t<\/div>","protected":false},"excerpt":{"rendered":"<p>Pentru mobilitatea ta Furniz\u0103m energie de peste 12 ani Motive pentru care s\u0103 alegi GPL de la ADE Gas 15 milioane de ma\u0219ini dunc\u021bioneaz\u0103 cu GPL \u00een Uniunea European\u0103. La nivel mondial exist\u0103 27 de milioane \u0219i trebuie spus, un sistem cu dublu combustibil are o mul\u021bime de beneficii. S\u0103 \u00eencepem cu cel mai evident: [&hellip;]<\/p>","protected":false},"author":2,"featured_media":0,"parent":0,"menu_order":0,"comment_status":"closed","ping_status":"closed","template":"","meta":{"footnotes":""},"class_list":["post-973","page","type-page","status-publish","hentry"],"_links":{"self":[{"href":"https:\/\/adegas.ro\/en\/wp-json\/wp\/v2\/pages\/973","targetHints":{"allow":["GET"]}}],"collection":[{"href":"https:\/\/adegas.ro\/en\/wp-json\/wp\/v2\/pages"}],"about":[{"href":"https:\/\/adegas.ro\/en\/wp-json\/wp\/v2\/types\/page"}],"author":[{"embeddable":true,"href":"https:\/\/adegas.ro\/en\/wp-json\/wp\/v2\/users\/2"}],"replies":[{"embeddable":true,"href":"https:\/\/adegas.ro\/en\/wp-json\/wp\/v2\/comments?post=973"}],"version-history":[{"count":16,"href":"https:\/\/adegas.ro\/en\/wp-json\/wp\/v2\/pages\/973\/revisions"}],"predecessor-version":[{"id":997,"href":"https:\/\/adegas.ro\/en\/wp-json\/wp\/v2\/pages\/973\/revisions\/997"}],"wp:attachment":[{"href":"https:\/\/adegas.ro\/en\/wp-json\/wp\/v2\/media?parent=973"}],"curies":[{"name":"wp","href":"https:\/\/api.w.org\/{rel}","templated":true}]}}