{"id":872,"date":"2022-10-08T17:02:52","date_gmt":"2022-10-08T14:02:52","guid":{"rendered":"https:\/\/adegas.ro\/?page_id=872"},"modified":"2022-12-02T09:34:04","modified_gmt":"2022-12-02T07:34:04","slug":"butelii","status":"publish","type":"page","link":"https:\/\/adegas.ro\/en\/butelii\/","title":{"rendered":"Gas cylinders"},"content":{"rendered":"<div data-elementor-type=\"wp-page\" data-elementor-id=\"872\" class=\"elementor elementor-872\" data-elementor-post-type=\"page\">\n\t\t\t\t\t\t<section data-particle_enable=\"false\" data-particle-mobile-disabled=\"false\" class=\"elementor-section elementor-top-section elementor-element elementor-element-34f70fb6 elementor-section-boxed elementor-section-height-default elementor-section-height-default\" data-id=\"34f70fb6\" data-element_type=\"section\" data-settings=\"{&quot;background_background&quot;:&quot;classic&quot;}\">\n\t\t\t\t\t\t\t<div class=\"elementor-background-overlay\"><\/div>\n\t\t\t\t\t\t\t<div class=\"elementor-container elementor-column-gap-default\">\n\t\t\t\t\t<div class=\"elementor-column elementor-col-100 elementor-top-column elementor-element elementor-element-37037ed2\" data-id=\"37037ed2\" data-element_type=\"column\">\n\t\t\t<div class=\"elementor-widget-wrap elementor-element-populated\">\n\t\t\t\t\t\t<div class=\"elementor-element elementor-element-60a7beb elementor-widget elementor-widget-heading\" data-id=\"60a7beb\" data-element_type=\"widget\" data-widget_type=\"heading.default\">\n\t\t\t\t<div class=\"elementor-widget-container\">\n\t\t\t\t\t<h2 class=\"elementor-heading-title elementor-size-default\">Gas cylinders<\/h2>\t\t\t\t<\/div>\n\t\t\t\t<\/div>\n\t\t\t\t\t<\/div>\n\t\t<\/div>\n\t\t\t\t\t<\/div>\n\t\t<\/section>\n\t\t\t\t<section data-particle_enable=\"false\" data-particle-mobile-disabled=\"false\" class=\"elementor-section elementor-top-section elementor-element elementor-element-21d13474 elementor-section-boxed elementor-section-height-default elementor-section-height-default\" data-id=\"21d13474\" data-element_type=\"section\">\n\t\t\t\t\t\t<div class=\"elementor-container elementor-column-gap-default\">\n\t\t\t\t\t<div class=\"elementor-column elementor-col-100 elementor-top-column elementor-element elementor-element-771e78e\" data-id=\"771e78e\" data-element_type=\"column\">\n\t\t\t<div class=\"elementor-widget-wrap elementor-element-populated\">\n\t\t\t\t\t\t<div class=\"elementor-element elementor-element-7149cce elementor-widget elementor-widget-text-editor\" data-id=\"7149cce\" data-element_type=\"widget\" data-widget_type=\"text-editor.default\">\n\t\t\t\t<div class=\"elementor-widget-container\">\n\t\t\t\t\t\t\t\t\t<p>Whether you are looking for an economical source of LPG to heat your property or for your kitchen stove, Ade Gas cylinders available from central depot or your local distributor are ideal for your needs.<\/p>\t\t\t\t\t\t\t\t<\/div>\n\t\t\t\t<\/div>\n\t\t\t\t<div class=\"elementor-element elementor-element-8cbaf0d elementor-widget elementor-widget-heading\" data-id=\"8cbaf0d\" data-element_type=\"widget\" data-widget_type=\"heading.default\">\n\t\t\t\t<div class=\"elementor-widget-container\">\n\t\t\t\t\t<h2 class=\"elementor-heading-title elementor-size-default\">Gas Cylinders Romania distribution network<\/h2>\t\t\t\t<\/div>\n\t\t\t\t<\/div>\n\t\t\t\t<div class=\"elementor-element elementor-element-7255a66 elementor-widget elementor-widget-text-editor\" data-id=\"7255a66\" data-element_type=\"widget\" data-widget_type=\"text-editor.default\">\n\t\t\t\t<div class=\"elementor-widget-container\">\n\t\t\t\t\t\t\t\t\t<p><div class='sim-main-content' role='main' id='mainContent'>\n\t\t\t\t\t\t<div id='super-inter-active-map-block'>\n\t\t\t\t\t\t\t<div class='sim_maps_blcok' >\n                                 <div id='sim_interactive_map1' class='sim_map_area'><\/div>\n\t\t\t\t\t\t\t<\/div>\n\t\t\t\t\t\t<\/div>\n\t\t\t\t\t<\/div><style>#sim_interactive_map1 path:hover { fill: #1e73be !important;}<\/style><style>#super-inter-active-map-block path{ stroke-width: 1px}#super-inter-active-map-block path:hover {\n\t\t\tstroke-width: 1px !important;\n\t\t}<\/style><\/p>\t\t\t\t\t\t\t\t<\/div>\n\t\t\t\t<\/div>\n\t\t\t\t<div class=\"elementor-element elementor-element-b180417 elementor-widget elementor-widget-text-editor\" data-id=\"b180417\" data-element_type=\"widget\" data-widget_type=\"text-editor.default\">\n\t\t\t\t<div class=\"elementor-widget-container\">\n\t\t\t\t\t\t\t\t\t<ul><li>The cylinder filling station is located on an area of 19,000 sqm, of which the fiscal production warehouse occupies 6,500 sqm.<\/li><li>The cylinder filling station has a storage capacity of 760 cubic metres in 8 tanks and also has exclusive rail access<\/li><li>Total cylinder filling capacity is 75 tonnes per day<\/li><li>The company has 85,000 cylinders on the market, which has ensured a sales volume of 6,700 tonnes in 2021<\/li><li>Exist\u0103 posibilitatea (cu mici modific\u0103ri ale instala\u021biei) de a \u00eenc\u0103rca butelii de propan de 84 de litri \u00een antrepozitul fiscal<\/li><li>All cylinders are embossed with the company logo and colour scheme<\/li><li>LPG supplied in own filling station contains specifications of 96% butane &amp; 4% propane<\/li><li>The cylinders have a capacity of 26 litres and are sold only through distributor networks to household customers<\/li><li>The company also refurbishes, reuses and inspects (VTP) cylinders returned by customers.<\/li><\/ul>\t\t\t\t\t\t\t\t<\/div>\n\t\t\t\t<\/div>\n\t\t\t\t\t<\/div>\n\t\t<\/div>\n\t\t\t\t\t<\/div>\n\t\t<\/section>\n\t\t\t\t<section data-particle_enable=\"false\" data-particle-mobile-disabled=\"false\" class=\"elementor-section elementor-top-section elementor-element elementor-element-f608568 elementor-section-boxed elementor-section-height-default elementor-section-height-default\" data-id=\"f608568\" data-element_type=\"section\">\n\t\t\t\t\t\t<div class=\"elementor-container elementor-column-gap-default\">\n\t\t\t\t\t<div class=\"elementor-column elementor-col-100 elementor-top-column elementor-element elementor-element-6017a83\" data-id=\"6017a83\" data-element_type=\"column\">\n\t\t\t<div class=\"elementor-widget-wrap elementor-element-populated\">\n\t\t\t\t\t\t\t<\/div>\n\t\t<\/div>\n\t\t\t\t\t<\/div>\n\t\t<\/section>\n\t\t\t\t<\/div>","protected":false},"excerpt":{"rendered":"<p>Fie c\u0103 sunte\u021bi \u00een c\u0103utarea unei surse economice de GPL pentru a asigura \u00eenc\u0103lzirea propriet\u0103\u021bii dvs. sau pentru aragaz \u00een buc\u0103t\u0103rie, buteliile Ade Gas disponibile la depozitul central sau la distribuitorul local sunt ideale pentru nevoile dumneavoastra. Re\u021beua de distribu\u021bie Butelii Rom\u00e2nia Sta\u021bia de umplere a buteliilor este amplasat\u0103 pe o suprafa\u021b\u0103 de 19.000 mp, [&hellip;]<\/p>","protected":false},"author":2,"featured_media":0,"parent":0,"menu_order":0,"comment_status":"closed","ping_status":"closed","template":"","meta":{"footnotes":""},"class_list":["post-872","page","type-page","status-publish","hentry"],"_links":{"self":[{"href":"https:\/\/adegas.ro\/en\/wp-json\/wp\/v2\/pages\/872","targetHints":{"allow":["GET"]}}],"collection":[{"href":"https:\/\/adegas.ro\/en\/wp-json\/wp\/v2\/pages"}],"about":[{"href":"https:\/\/adegas.ro\/en\/wp-json\/wp\/v2\/types\/page"}],"author":[{"embeddable":true,"href":"https:\/\/adegas.ro\/en\/wp-json\/wp\/v2\/users\/2"}],"replies":[{"embeddable":true,"href":"https:\/\/adegas.ro\/en\/wp-json\/wp\/v2\/comments?post=872"}],"version-history":[{"count":19,"href":"https:\/\/adegas.ro\/en\/wp-json\/wp\/v2\/pages\/872\/revisions"}],"predecessor-version":[{"id":1022,"href":"https:\/\/adegas.ro\/en\/wp-json\/wp\/v2\/pages\/872\/revisions\/1022"}],"wp:attachment":[{"href":"https:\/\/adegas.ro\/en\/wp-json\/wp\/v2\/media?parent=872"}],"curies":[{"name":"wp","href":"https:\/\/api.w.org\/{rel}","templated":true}]}}